{"id":5620,"date":"2024-02-21T06:38:06","date_gmt":"2024-02-21T05:38:06","guid":{"rendered":"https:\/\/medical-it-valley.de\/?page_id=5620"},"modified":"2025-05-11T07:01:59","modified_gmt":"2025-05-11T06:01:59","slug":"termin-online-buchen","status":"publish","type":"page","link":"https:\/\/medical-it-valley.de\/?page_id=5620","title":{"rendered":"! Termine und Tickets online buchen !"},"content":{"rendered":"\n<p>Buchen Sie gerne hier einen Gespr\u00e4chstermin mit uns. Sollten die verf\u00fcgbaren Zeitr\u00e4ume nicht ausreichen, bitten wir um eine Abstimmung \u00fcber eMail.<\/p>\n\n\n\n<p>Zur Terminvereinbarung \/ Ticketbuchung:<br><a href=\"https:\/\/app.cituro.com\/booking\/medical-it-valley\">https:\/\/app.cituro.com\/booking\/medical-it-valley<\/a><br>oder QR-Code<\/p>\n\n\n\n<figure class=\"wp-block-image size-full\"><a href=\"https:\/\/medical-it-valley.de\/wp-content\/uploads\/2024\/02\/qr300x300.png\"><img loading=\"lazy\" decoding=\"async\" width=\"300\" height=\"300\" src=\"https:\/\/medical-it-valley.de\/wp-content\/uploads\/2024\/02\/qr300x300.png\" alt=\"\" class=\"wp-image-5618\" srcset=\"https:\/\/medical-it-valley.de\/wp-content\/uploads\/2024\/02\/qr300x300.png 300w, https:\/\/medical-it-valley.de\/wp-content\/uploads\/2024\/02\/qr300x300-150x150.png 150w, https:\/\/medical-it-valley.de\/wp-content\/uploads\/2024\/02\/qr300x300-268x268.png 268w\" sizes=\"auto, (max-width: 300px) 100vw, 300px\" \/><\/a><\/figure>\n","protected":false},"excerpt":{"rendered":"<p>Buchen Sie gerne hier einen Gespr\u00e4chstermin mit uns. Sollten die verf\u00fcgbaren Zeitr\u00e4ume nicht ausreichen, bitten wir um eine Abstimmung \u00fcber eMail. Zur Terminvereinbarung \/ Ticketbuchung:https:\/\/app.cituro.com\/booking\/medical-it-valleyoder QR-Code<\/p>\n","protected":false},"author":1,"featured_media":0,"parent":0,"menu_order":0,"comment_status":"closed","ping_status":"closed","template":"","meta":{"footnotes":""},"class_list":["post-5620","page","type-page","status-publish","hentry"],"_links":{"self":[{"href":"https:\/\/medical-it-valley.de\/index.php?rest_route=\/wp\/v2\/pages\/5620","targetHints":{"allow":["GET"]}}],"collection":[{"href":"https:\/\/medical-it-valley.de\/index.php?rest_route=\/wp\/v2\/pages"}],"about":[{"href":"https:\/\/medical-it-valley.de\/index.php?rest_route=\/wp\/v2\/types\/page"}],"author":[{"embeddable":true,"href":"https:\/\/medical-it-valley.de\/index.php?rest_route=\/wp\/v2\/users\/1"}],"replies":[{"embeddable":true,"href":"https:\/\/medical-it-valley.de\/index.php?rest_route=%2Fwp%2Fv2%2Fcomments&post=5620"}],"version-history":[{"count":12,"href":"https:\/\/medical-it-valley.de\/index.php?rest_route=\/wp\/v2\/pages\/5620\/revisions"}],"predecessor-version":[{"id":6463,"href":"https:\/\/medical-it-valley.de\/index.php?rest_route=\/wp\/v2\/pages\/5620\/revisions\/6463"}],"wp:attachment":[{"href":"https:\/\/medical-it-valley.de\/index.php?rest_route=%2Fwp%2Fv2%2Fmedia&parent=5620"}],"curies":[{"name":"wp","href":"https:\/\/api.w.org\/{rel}","templated":true}]}}