{"id":7124,"date":"2026-02-06T06:08:49","date_gmt":"2026-02-06T05:08:49","guid":{"rendered":"https:\/\/medical-it-valley.de\/?page_id=7124"},"modified":"2026-03-16T09:07:05","modified_gmt":"2026-03-16T08:07:05","slug":"mittwochs-spotlights-marktplatz","status":"publish","type":"page","link":"https:\/\/medical-it-valley.de\/?page_id=7124","title":{"rendered":"Campus \/ Spotlights"},"content":{"rendered":"\n<p>In 15 Minuten &#8222;auf den Punkt&#8220;! Kostenfrei und frei von Sponsoring!<br>(Fast) jeden Mittwoch findet ab dem 25.2.2026 von 0900 bis 1100 unsere kostenfreie Spotlight-Session live aus dem Medical IT Valley statt. Wir pr\u00e4sentieren und diskutieren aktuelle Trends, innovative und bew\u00e4hrte Produkte, zukunftsweisende Architekturen und die Einordnung von Innovationen.<\/p>\n\n\n\n<p>Im &#8222;Nachrichten-Format&#8220; (15 Minuten) ist jedes Thema \/ Schwerpunkt \/ ein Produkt eines Herstellers kompakt in einem spannenden Nachrichten-Format darstellbar, anschlie\u00dfend haben wir noch 5 Minuten f\u00fcr Fragen und Diskussionen. Unsere G\u00e4ste k\u00f6nnen entscheiden, ob ein Thema in den folgenden Tagen und Wochen vertieft werden soll. F\u00fcr referierende Hersteller und Teilnehmer\/innen aus med. Einrichtungen kostenfrei<br><br>Infos: kuhlemann@Medical-IT-Valley.de &#8211; <strong>Anmeldung f\u00fcr med. Einrichtungen \u00fcber eMail, und wir treffen uns dann im &#8222;virtuellen Caf\u00e9&#8220;<\/strong>.<\/p>\n\n\n\n<p><strong>Spotlights im &#8222;Nachrichten-Format&#8220;: Alles gesagt in 15 min. plus 5 min. Diskussion<\/strong><\/p>\n\n\n\n<p><\/p>\n\n\n\n<hr class=\"wp-block-separator has-alpha-channel-opacity\"\/>\n\n\n\n<p><strong><strong>Mittwoch 25.3.26:<\/strong><\/strong><br><strong>0900-1100 <\/strong>Themen in Abstimmung<\/p>\n\n\n\n<hr class=\"wp-block-separator has-alpha-channel-opacity\"\/>\n\n\n\n<p>++ Einwahl-Daten <a href=\"https:\/\/medical-it-valley.de\/?page_id=2523\">https:\/\/medical-it-valley.de\/?page_id=2523<\/a> +++<\/p>\n\n\n\n<p>Interesse, Ihre Produkte in diesem Format kostenfrei zu pr\u00e4sentieren? Wenn es sehr gut und innovativ, &#8222;state of the art&#8220; ist, nehmen Sie gerne Kontakt auf!<strong><br><br><\/strong><\/p>\n\n\n\n<figure class=\"wp-block-image size-large\"><a href=\"https:\/\/medical-it-valley.de\/wp-content\/uploads\/2026\/02\/2026-01-09V0.5Teaser-Digital-Health-Spotlight.jpg\"><img loading=\"lazy\" decoding=\"async\" width=\"1024\" height=\"576\" src=\"https:\/\/medical-it-valley.de\/wp-content\/uploads\/2026\/02\/2026-01-09V0.5Teaser-Digital-Health-Spotlight-1024x576.jpg\" alt=\"\" class=\"wp-image-7150\" srcset=\"https:\/\/medical-it-valley.de\/wp-content\/uploads\/2026\/02\/2026-01-09V0.5Teaser-Digital-Health-Spotlight-1024x576.jpg 1024w, https:\/\/medical-it-valley.de\/wp-content\/uploads\/2026\/02\/2026-01-09V0.5Teaser-Digital-Health-Spotlight-300x169.jpg 300w, https:\/\/medical-it-valley.de\/wp-content\/uploads\/2026\/02\/2026-01-09V0.5Teaser-Digital-Health-Spotlight-768x432.jpg 768w, https:\/\/medical-it-valley.de\/wp-content\/uploads\/2026\/02\/2026-01-09V0.5Teaser-Digital-Health-Spotlight-1536x864.jpg 1536w, https:\/\/medical-it-valley.de\/wp-content\/uploads\/2026\/02\/2026-01-09V0.5Teaser-Digital-Health-Spotlight.jpg 1707w\" sizes=\"auto, (max-width: 1024px) 100vw, 1024px\" \/><\/a><\/figure>\n","protected":false},"excerpt":{"rendered":"<p>In 15 Minuten &#8222;auf den Punkt&#8220;! Kostenfrei und frei von Sponsoring!(Fast) jeden Mittwoch findet ab dem 25.2.2026 von 0900 bis 1100 unsere kostenfreie Spotlight-Session live aus dem Medical IT Valley statt. Wir pr\u00e4sentieren und diskutieren aktuelle Trends, innovative und bew\u00e4hrte Produkte, zukunftsweisende Architekturen und die Einordnung von Innovationen. Im &#8222;Nachrichten-Format&#8220; (15 Minuten) ist jedes Thema [&hellip;]<\/p>\n","protected":false},"author":1,"featured_media":0,"parent":0,"menu_order":0,"comment_status":"closed","ping_status":"closed","template":"","meta":{"footnotes":""},"class_list":["post-7124","page","type-page","status-publish","hentry"],"_links":{"self":[{"href":"https:\/\/medical-it-valley.de\/index.php?rest_route=\/wp\/v2\/pages\/7124","targetHints":{"allow":["GET"]}}],"collection":[{"href":"https:\/\/medical-it-valley.de\/index.php?rest_route=\/wp\/v2\/pages"}],"about":[{"href":"https:\/\/medical-it-valley.de\/index.php?rest_route=\/wp\/v2\/types\/page"}],"author":[{"embeddable":true,"href":"https:\/\/medical-it-valley.de\/index.php?rest_route=\/wp\/v2\/users\/1"}],"replies":[{"embeddable":true,"href":"https:\/\/medical-it-valley.de\/index.php?rest_route=%2Fwp%2Fv2%2Fcomments&post=7124"}],"version-history":[{"count":54,"href":"https:\/\/medical-it-valley.de\/index.php?rest_route=\/wp\/v2\/pages\/7124\/revisions"}],"predecessor-version":[{"id":7243,"href":"https:\/\/medical-it-valley.de\/index.php?rest_route=\/wp\/v2\/pages\/7124\/revisions\/7243"}],"wp:attachment":[{"href":"https:\/\/medical-it-valley.de\/index.php?rest_route=%2Fwp%2Fv2%2Fmedia&parent=7124"}],"curies":[{"name":"wp","href":"https:\/\/api.w.org\/{rel}","templated":true}]}}