{"id":836,"date":"2017-06-23T09:24:14","date_gmt":"2017-06-23T07:24:14","guid":{"rendered":"http:\/\/medical-it-valley.de\/?page_id=836"},"modified":"2026-01-26T21:16:34","modified_gmt":"2026-01-26T20:16:34","slug":"ueber-uns","status":"publish","type":"page","link":"https:\/\/medical-it-valley.de\/?page_id=836","title":{"rendered":"## \u00dcber uns ##"},"content":{"rendered":"<p>#KI #Transformation #Digitalisierung<\/p>\n<p>Das Medical IT Valley wurde 2016 im bayerischen Valley von Heino Kuhlemann gegr\u00fcndet und hat den Sitz 2022 nach Gmund am Tegernsee verlegt. Das &#8222;Tegernseer Tal&#8220;, oder einfach &#8222;das Tal&#8220;, wie man bei uns sagt, bleibt damit zum Namen passend wie der Gr\u00fcndungsort.<br \/>\nDer Gr\u00fcnder ist Diplom-Informatiker der Medizin und hat an der Universit\u00e4t Heidelberg studiert. Dort begannen die Erfahrungen in der Gr\u00fcndungsphase der ATOS Heidelberg Mitte der 1990er Jahre. Bis heute z\u00e4hlen ATOS-Einrichtungen zu unseren Kunden sowie viele weitere Kliniken und ambulante Zentren in ganz Deutschland.<\/p>\n<p>Unsere Mission: Als Unternehmens- und Klinikberatung verstehen wir uns als individuelles Consulting-Unternehmen und Marktplatz.<\/p>\n<p>Schwerpunkte sind mit jahrzehntelanger Erfahrung in der Praxis der Medizinischen Informatik die Unterst\u00fctzung von IT-Anbietern und med. Einrichtungen im Gesundheitsmarkt:<\/p>\n<ul>\n<li><strong>Marktplatz f\u00fcr IT-Hersteller und Dienstleister:<\/strong><br \/>\nNational und international bekannte <a href=\"https:\/\/medical-it-valley.de\/?page_id=4420\">Unternehmen<\/a> kooperieren mit dem Medical IT Valley, um nachhaltig und auf hohem Niveau noch mehr im Markt zu erreichen. Wir bringen Hersteller mit medizinischen Einrichtungen zusammen und setzen eine erfolgreiche Zusammenarbeit mit um.<br \/>\nStartUps oder Anbieter, welche sich neu auf den Gesundheitsmarkt fokussieren m\u00f6chten, geh\u00f6ren ebenso zu unseren Partnern \/ Kunden. In einigen F\u00e4llen beraten wir Mandanten vertraulich und ver\u00f6ffentlichen diese daher nicht auf der WebSite, z.B. beraten wir auch direkt Investoren und begleiten Unternehmen, die einen Investor suchen.<\/li>\n<li><strong>Wir veranstalten Konferenzen und Workshops<\/strong> zu aktuellen IT-Themen der Gesundheitsbranche. Dabei kombinieren wir neben allen IT-Themen auch in der Praxis: DigitalHealth | Sport | Medizin. J\u00e4hrlich kommen Spitzenvertreter\/innen aus der Branche zur &#8222;Schlierseer Digital Health Konferenz&#8220; zusammen. Ganz gleich ob bei unseren monatlichen Events oder der Jahreskonferenz in Svchliersee: top Themen und Akteuren f\u00fcr kundennahe Erfolge sind auf der Agenda.<\/li>\n<li><strong>Vergabeverfahren und Ausschreibungen<\/strong> gestalten wir seit vielen Jahren und auch weiterhin in den kommenden Jahren im Bereich KHZG und nehmen daher nur in den speziellen Themengebieten <strong>keine<\/strong> Zusammenarbeit mit Herstellern an. Wo wir Partnerschaften im Markt haben, bieten wir gemeinsam mit den jeweiligen Herstellern Vertrieb an. Zudem begleiten wir mit den Produkten eine spezifische Vorbereitung und Umsetzung von Projekten und Strategien.<\/li>\n<li><a href=\"https:\/\/medical-it-valley.de\/?page_id=2627\">IT-Leiter\/in as a Service<\/a>: Ihre IT-Leiterin \/ Ihr IT-Leiter ben\u00f6tigt kompetente Unterst\u00fctzung, um mit einem Team mit breit aufgestellten Erfahrungen in der Digitalisierung besser und schneller zu werden? Oder Sie haben, finden oder w\u00fcnschen keine(n) Vollzeit-IT-Leiter oder IT-Leiterin und k\u00f6nnen sich vorstellen, ein externes Team als \u201eIT-Leiter\/in\u201c komplett, kompetent und wirtschaftlich zu nutzen?<\/li>\n<li>IT-Sicherheit:<br \/>\n<strong data-start=\"825\" data-end=\"854\">Analyse &amp; Risikobewertung<\/strong><br data-start=\"854\" data-end=\"857\" \/><strong data-start=\"1013\" data-end=\"1045\">Strategie &amp; Ma\u00dfnahmenplanung<\/strong><br data-start=\"1045\" data-end=\"1048\" \/><strong data-start=\"1210\" data-end=\"1252\">technische &amp; organisatorische L\u00f6sungen<\/strong><br data-start=\"1252\" data-end=\"1255\" \/><strong data-start=\"1447\" data-end=\"1492\">Begleitung &amp; kontinuierliche Verbesserung<\/strong><\/li>\n<\/ul>\n","protected":false},"excerpt":{"rendered":"<p>#KI #Transformation #Digitalisierung Das Medical IT Valley wurde 2016 im bayerischen Valley von Heino Kuhlemann gegr\u00fcndet und hat den Sitz 2022 nach Gmund am Tegernsee verlegt. Das &#8222;Tegernseer Tal&#8220;, oder einfach &#8222;das Tal&#8220;, wie man bei uns sagt, bleibt damit zum Namen passend wie der Gr\u00fcndungsort. Der Gr\u00fcnder ist Diplom-Informatiker der Medizin und hat an [&hellip;]<\/p>\n","protected":false},"author":1,"featured_media":0,"parent":0,"menu_order":0,"comment_status":"closed","ping_status":"closed","template":"","meta":{"footnotes":""},"class_list":["post-836","page","type-page","status-publish","hentry"],"_links":{"self":[{"href":"https:\/\/medical-it-valley.de\/index.php?rest_route=\/wp\/v2\/pages\/836","targetHints":{"allow":["GET"]}}],"collection":[{"href":"https:\/\/medical-it-valley.de\/index.php?rest_route=\/wp\/v2\/pages"}],"about":[{"href":"https:\/\/medical-it-valley.de\/index.php?rest_route=\/wp\/v2\/types\/page"}],"author":[{"embeddable":true,"href":"https:\/\/medical-it-valley.de\/index.php?rest_route=\/wp\/v2\/users\/1"}],"replies":[{"embeddable":true,"href":"https:\/\/medical-it-valley.de\/index.php?rest_route=%2Fwp%2Fv2%2Fcomments&post=836"}],"version-history":[{"count":119,"href":"https:\/\/medical-it-valley.de\/index.php?rest_route=\/wp\/v2\/pages\/836\/revisions"}],"predecessor-version":[{"id":7120,"href":"https:\/\/medical-it-valley.de\/index.php?rest_route=\/wp\/v2\/pages\/836\/revisions\/7120"}],"wp:attachment":[{"href":"https:\/\/medical-it-valley.de\/index.php?rest_route=%2Fwp%2Fv2%2Fmedia&parent=836"}],"curies":[{"name":"wp","href":"https:\/\/api.w.org\/{rel}","templated":true}]}}