{"id":9,"date":"2016-07-05T07:25:18","date_gmt":"2016-07-05T05:25:18","guid":{"rendered":"http:\/\/medical-it-valley.de\/?page_id=9"},"modified":"2026-01-26T21:17:26","modified_gmt":"2026-01-26T20:17:26","slug":"impressum","status":"publish","type":"page","link":"https:\/\/medical-it-valley.de\/?page_id=9","title":{"rendered":"Impressum | AGB | Kontakt"},"content":{"rendered":"<p>KUHLEMANN Medical IT Valley GmbH<br \/>\nAm Hoffeld 2<br \/>\nD-83703 Gmund a. Tegernsee<\/p>\n<p>Tel.: +49 (0) 8022.9159180<br \/>\n<a href=\"mailto:kuhlemann@medical-it-valley.de\">kuhlemann@medical-it-valley.de<\/a><\/p>\n<p>verantwortlich f\u00fcr den Inhalt:<\/p>\n<p>KUHLEMANN Medical IT Valley GmbH<br \/>\nHeino Kuhlemann<br \/>\nAm Hoffeld 2<br \/>\nD-83703 Gmund a. Tegernsee<\/p>\n<p>Amtsgericht M\u00fcnchen: HRB 226920; Gesch\u00e4ftsf\u00fchrer: Heino Kuhlemann<br \/>\nSitz der Gesellschaft: Am Hoffeld 2 | D-83703 Gmund a. Tegernsee<\/p>\n<p>Steuernummer: 139\/130\/80631<br \/>\nUmsatzsteuer-ID: DE307004951<\/p>\n<p>Die Gesellschafter-Anteile h\u00e4lt zu 100% Heino Kuhlemann.<\/p>\n<p>Allgemeine Gesch\u00e4ftsbedingungen zum Download:<\/p>\n<h2><a href=\"https:\/\/medical-it-valley.de\/wp-content\/uploads\/2018\/05\/Allgemeine-Gesch\u00e4ftsbedingungen-nach-AV_Bitkom_20180523.pdf\">Allgemeine Gesch\u00e4ftsbedingungen nach AV_Bitkom_20180523<\/a><\/h2>\n","protected":false},"excerpt":{"rendered":"<p>KUHLEMANN Medical IT Valley GmbH Am Hoffeld 2 D-83703 Gmund a. Tegernsee Tel.: +49 (0) 8022.9159180 kuhlemann@medical-it-valley.de verantwortlich f\u00fcr den Inhalt: KUHLEMANN Medical IT Valley GmbH Heino Kuhlemann Am Hoffeld 2 D-83703 Gmund a. Tegernsee Amtsgericht M\u00fcnchen: HRB 226920; Gesch\u00e4ftsf\u00fchrer: Heino Kuhlemann Sitz der Gesellschaft: Am Hoffeld 2 | D-83703 Gmund a. Tegernsee Steuernummer: 139\/130\/80631 [&hellip;]<\/p>\n","protected":false},"author":1,"featured_media":0,"parent":0,"menu_order":0,"comment_status":"closed","ping_status":"closed","template":"","meta":{"footnotes":""},"class_list":["post-9","page","type-page","status-publish","hentry"],"_links":{"self":[{"href":"https:\/\/medical-it-valley.de\/index.php?rest_route=\/wp\/v2\/pages\/9","targetHints":{"allow":["GET"]}}],"collection":[{"href":"https:\/\/medical-it-valley.de\/index.php?rest_route=\/wp\/v2\/pages"}],"about":[{"href":"https:\/\/medical-it-valley.de\/index.php?rest_route=\/wp\/v2\/types\/page"}],"author":[{"embeddable":true,"href":"https:\/\/medical-it-valley.de\/index.php?rest_route=\/wp\/v2\/users\/1"}],"replies":[{"embeddable":true,"href":"https:\/\/medical-it-valley.de\/index.php?rest_route=%2Fwp%2Fv2%2Fcomments&post=9"}],"version-history":[{"count":21,"href":"https:\/\/medical-it-valley.de\/index.php?rest_route=\/wp\/v2\/pages\/9\/revisions"}],"predecessor-version":[{"id":7121,"href":"https:\/\/medical-it-valley.de\/index.php?rest_route=\/wp\/v2\/pages\/9\/revisions\/7121"}],"wp:attachment":[{"href":"https:\/\/medical-it-valley.de\/index.php?rest_route=%2Fwp%2Fv2%2Fmedia&parent=9"}],"curies":[{"name":"wp","href":"https:\/\/api.w.org\/{rel}","templated":true}]}}